{"id":431,"date":"2015-02-22T19:55:57","date_gmt":"2015-02-22T19:55:57","guid":{"rendered":"http:\/\/wp\/enfold-medium-business\/?page_id=11"},"modified":"2023-04-24T17:16:30","modified_gmt":"2023-04-24T17:16:30","slug":"home","status":"publish","type":"page","link":"http:\/\/www.paimefurquim.com.br\/","title":{"rendered":"Home"},"content":{"rendered":"<\/div><\/div><\/div><!-- close content main div --><\/div><\/div><div id='av_section_1' class='avia-section main_color avia-section-default avia-no-border-styling avia-full-stretch av-section-color-overlay-active avia-bg-style-scroll   av-minimum-height av-minimum-height-100 container_wrap sidebar_right' style = 'background-repeat: no-repeat; background-image: url(http:\/\/www.paimefurquim.com.br\/wp-content\/uploads\/2022\/11\/WhatsApp-Image-2022-11-01-at-13.47.54.jpeg); background-attachment: scroll; background-position: center center; ' data-section-bg-repeat='stretch' ><div class='av-section-color-overlay-wrap'><div class='av-section-color-overlay' style='opacity: 0.8; background-color: #717275; '><\/div><a href='#next-section' title='' class='scroll-down-link '  aria-hidden='true' data-av_icon='\ue877' data-av_iconfont='entypo-fontello'><\/a><div class='container' ><div class='template-page content  av-content-small alpha units'><div class='post-entry post-entry-type-page post-entry-431'><div class='entry-content-wrapper clearfix'>\n<div class=\"flex_column av_three_fourth  flex_column_div first  \" ><p><div style='text-align:left; color:#ffffff; font-size:63px; ' class='av-rotator-container av-rotation-container-left  ' data-interval='3' data-animation='1'><h2 class='av-rotator-container-inner '>TODAS AS NECESSIDADES DO SEU NEG\u00d3CIO SUPRIDAS<span class='av-rotator-text av-rotator-multiline-on '>\n<span style='color:#ec3136; ' class='av-rotator-text-single av-rotator-text-single-1'>REGISTRO DE EMPRESA E REGULARIZA\u00c7\u00d5ES<\/span>\n<span style='color:#ec3136; ' class='av-rotator-text-single av-rotator-text-single-2'>CONTABILIDADE COMPLETA<\/span>\n<span style='color:#ec3136; ' class='av-rotator-text-single av-rotator-text-single-3'>PLANEJAMENTO TRIBUT\u00c1RIO<\/span>\n<span style='color:#ec3136; ' class='av-rotator-text-single av-rotator-text-single-4'>ORIENTA\u00c7\u00d5ES TRABALHISTAS SEGURAS<\/span>\n<\/span><\/h2><\/div><br \/>\n<div style=' margin-top:40px; margin-bottom:40px;'  class='hr hr-custom hr-left hr-icon-no  '><span class='hr-inner   inner-border-av-border-fat' style=' width:50px; border-color:#ffffff;' ><span class='hr-inner-style'><\/span><\/span><\/div><\/p><\/div><div class=\"flex_column av_one_fourth  flex_column_div   \" ><\/div>\n<\/div><\/div><\/div><!-- close content main div --><\/div><\/div><\/div><div id='after_section_1' class='main_color av_default_container_wrap container_wrap sidebar_right'   ><div class='container' ><div class='template-page content  av-content-small alpha units'><div class='post-entry post-entry-type-page post-entry-431'><div class='entry-content-wrapper clearfix'>\n<\/div><\/div><\/div><!-- close content main div --><\/div><\/div><div id='av_section_2' class='avia-section main_color avia-section-huge avia-no-border-styling avia-bg-style-scroll   container_wrap sidebar_right'   ><div class='container' ><div class='template-page content  av-content-small alpha units'><div class='post-entry post-entry-type-page post-entry-431'><div class='entry-content-wrapper clearfix'>\n<div class=\"flex_column av_one_fifth  flex_column_div first  \" ><\/div><div class=\"flex_column av_three_fifth  flex_column_div   \" ><div style='padding-bottom:10px;font-size:40px;' class='av-special-heading av-special-heading-h1  blockquote modern-quote modern-centered   av-thin-font av-inherit-size '><h1 class='av-special-heading-tag '  itemprop=\"headline\"  >Oferecemos <strong>servi\u00e7os de alta qualidade<\/strong> em todas \u00e1reas da contabilidade<\/h1><div class='special-heading-border'><div class='special-heading-inner-border' ><\/div><\/div><\/div><\/div><div class=\"flex_column av_one_fifth  flex_column_div   \" ><\/div><div style=' margin-top:70px; margin-bottom:70px;'  class='hr hr-custom hr-center hr-icon-no  '><span class='hr-inner   inner-border-av-border-fat' style=' width:50px; border-color:#000000;' ><span class='hr-inner-style'><\/span><\/span><\/div>\n<div class=\"flex_column av_one_third  flex_column_div first  \" ><section class=\"av_textblock_section \"  itemscope=\"itemscope\" itemtype=\"https:\/\/schema.org\/CreativeWork\" ><div class='avia_textblock  '   itemprop=\"text\" ><h3>Assessoria Mensal<\/h3>\n<p>Nada melhor que contar com um bom parceiro, que cuide de toda essa \u00e1rea burocr\u00e1tica para que voc\u00ea empres\u00e1rio, consiga focar na gest\u00e3o e no crescimento de seu pr\u00f3prio neg\u00f3cio.<\/p>\n<p><a href=\"http:\/\/www.paimefurquim.com.br\/index.php\/o-que-voce-precisa\/\">Saiba Mais&#8230;<\/a><\/p>\n<\/div><\/section><\/div><div class=\"flex_column av_one_third  flex_column_div   \" ><section class=\"av_textblock_section \"  itemscope=\"itemscope\" itemtype=\"https:\/\/schema.org\/CreativeWork\" ><div class='avia_textblock  '   itemprop=\"text\" ><h3>Quero abrir uma empresa<\/h3>\n<p>A formaliza\u00e7\u00e3o de uma empresa \u00e9 um passo muito importante para o empreendedor. \u00c9 o inicio de uma etapa construtiva.<\/p>\n<p><a href=\"http:\/\/www.paimefurquim.com.br\/index.php\/o-que-voce-precisa\/\">Saiba Mais&#8230;<\/a><\/p>\n<\/div><\/section><\/div><div class=\"flex_column av_one_third  flex_column_div   \" ><section class=\"av_textblock_section \"  itemscope=\"itemscope\" itemtype=\"https:\/\/schema.org\/CreativeWork\" ><div class='avia_textblock  '   itemprop=\"text\" ><h3>Servi\u00e7os Pontuais<\/h3>\n<p>Pode ser que voc\u00ea precise apenas de um servi\u00e7o espec\u00edfico, tal como a elabora\u00e7\u00e3o e entrega de sua Declara\u00e7\u00e3o de IRPF, uma regulariza\u00e7\u00e3o junto algum \u00f3rg\u00e3o p\u00fablico etc.<\/p>\n<p><a href=\"http:\/\/www.paimefurquim.com.br\/index.php\/o-que-voce-precisa\/\">Saiba Mais&#8230;<\/a><\/p>\n<\/div><\/section><\/div><\/div><\/div><\/div><!-- close content main div --><\/div><\/div><div id='after_section_2' class='main_color av_default_container_wrap container_wrap sidebar_right'   ><div class='container' ><div class='template-page content  av-content-small alpha units'><div class='post-entry post-entry-type-page post-entry-431'><div class='entry-content-wrapper clearfix'><div class='av-hotspot-image-container avia_animate_when_almost_visible   avia_animated_image avia_animate_when_almost_visible fade-in av-hotspot-blank av-mobile-fallback-active  av-permanent-tooltip  av-non-fullwidth-hotspot-image '  itemscope=\"itemscope\" itemtype=\"https:\/\/schema.org\/ImageObject\"  ><div class='av-hotspot-container'><div class='av-hotspot-container-inner-cell'><div class='av-hotspot-container-inner-wrap'><div class='av-image-hotspot' data-avia-tooltip-position='top' data-avia-tooltip-alignment='right' data-avia-tooltip-class='av-tt-large-width av-tt-pos-above av-tt-align-right  av-mobile-fallback-active  av-permanent-tooltip-single  main_color av-tt-hotspot' data-avia-tooltip='&lt;p&gt;&lt;strong&gt;Flaviana:&lt;\/strong&gt; \u00c9 a nossa diretora da \u00e1rea t\u00e9cnica. Contadora, formada em 1995 pela Unisinos; advogada, formada pela Ulbra em 2006; palestrante na \u00e1rea de direito administrativo focada em contrata\u00e7\u00e3o de servi\u00e7os terceirizados e apaixonada por n\u00fameros e leis.&lt;\/p&gt;\n' style='top: 16.5%; left: 44.1%; '><div class='av-image-hotspot_inner' style='background-color: #f20909; color: #ffffff;'>1<\/div><div class='av-image-hotspot-pulse' ><\/div><\/div><div class='av-image-hotspot' data-avia-tooltip-position='left' data-avia-tooltip-alignment='top' data-avia-tooltip-class='av-tt-default-width av-tt-pos-left av-tt-align-top  av-mobile-fallback-active  av-permanent-tooltip-single  main_color av-tt-hotspot' data-avia-tooltip='&lt;p&gt;&lt;strong&gt;Washington:&lt;\/strong&gt; \u00c9 o nosso diretor administrativo. Contabilista formado em 1993. Tem se especializado em societ\u00e1rio e regulariza\u00e7\u00f5es de empresas junto \u00e0 Prefeituras o outros \u00d3rg\u00e3os P\u00fablicos.&lt;\/p&gt;\n' style='top: 16.6%; left: 64.4%; '><div class='av-image-hotspot_inner' style='background-color: #f20909; color: #ffffff;'>2<\/div><div class='av-image-hotspot-pulse' ><\/div><\/div><img class='avia_image ' src='http:\/\/www.paimefurquim.com.br\/wp-content\/uploads\/2022\/11\/WhatsApp-Image-2022-11-01-at-13.35.44.jpeg' alt='' title='WhatsApp Image 2022-11-01 at 13.35.44'   itemprop=\"thumbnailUrl\"  \/><\/div><\/div><\/div><div class='av-hotspot-fallback-tooltip'><div class='av-hotspot-fallback-tooltip-count'>1<div class='avia-arrow'><\/div><\/div><div class='av-hotspot-fallback-tooltip-inner clearfix'><p>\n<strong>Flaviana:<\/strong> \u00c9 a nossa diretora da \u00e1rea t\u00e9cnica. Contadora, formada em 1995 pela Unisinos; advogada, formada pela Ulbra em 2006; palestrante na \u00e1rea de direito administrativo focada em contrata\u00e7\u00e3o de servi\u00e7os terceirizados e apaixonada por n\u00fameros e leis.<\/p>\n<\/div><\/div><div class='av-hotspot-fallback-tooltip'><div class='av-hotspot-fallback-tooltip-count'>2<div class='avia-arrow'><\/div><\/div><div class='av-hotspot-fallback-tooltip-inner clearfix'><p>\n<strong>Washington:<\/strong> \u00c9 o nosso diretor administrativo. Contabilista formado em 1993. Tem se especializado em societ\u00e1rio e regulariza\u00e7\u00f5es de empresas junto \u00e0 Prefeituras o outros \u00d3rg\u00e3os P\u00fablicos.<\/p>\n<\/div><\/div><\/div><\/p>\n<\/div><\/div><\/div><!-- close content main div --><\/div><\/div><div id='av_section_3' class='avia-section main_color avia-section-huge avia-no-border-styling avia-bg-style-scroll   av-desktop-hide av-medium-hide av-small-hide av-mini-hide av-arrow-down-section container_wrap sidebar_right'   ><div class='container' ><div class='template-page content  av-content-small alpha units'><div class='post-entry post-entry-type-page post-entry-431'><div class='entry-content-wrapper clearfix'>\n<div class=\"flex_column av_one_fifth  flex_column_div first  \" ><\/div><div class=\"flex_column av_three_fifth  flex_column_div   \" ><div style='padding-bottom:10px;font-size:40px;' class='av-special-heading av-special-heading-h1  blockquote modern-quote modern-centered   av-thin-font av-inherit-size '><h1 class='av-special-heading-tag '  itemprop=\"headline\"  >O que nossos <strong>clientes<\/strong> falam sobre nossos servi\u00e7os<\/h1><div class='special-heading-border'><div class='special-heading-inner-border' ><\/div><\/div><\/div><\/div><div class=\"flex_column av_one_fifth  flex_column_div   \" ><\/div><div style=' margin-top:40px; margin-bottom:40px;'  class='hr hr-custom hr-center hr-icon-no  '><span class='hr-inner   inner-border-av-border-fat' style=' width:50px; border-color:#000000;' ><span class='hr-inner-style'><\/span><\/span><\/div>\n<div  data-autoplay='1'  data-interval='5'  data-animation='fade'  data-hoverpause='1'  class='avia-testimonial-wrapper avia-slider-testimonials avia-slider-2-testimonials avia_animate_when_almost_visible  av-large-testimonial-slider  '>\n<section class ='avia-testimonial-row'><div class='avia-testimonial av_one_half flex_column no_margin avia-testimonial-row-1 avia-first-testimonial'  itemscope=\"itemscope\" itemtype=\"https:\/\/schema.org\/Person\" ><div class='avia-testimonial_inner'><div class='avia-testimonial-content av_inherit_color'   style='color:#6f6f72; '  itemscope=\"itemscope\" itemtype=\"https:\/\/schema.org\/CreativeWork\" ><p>Lorem ipsum dolor sit amet, consectetuer adipiscing elit. Aenean commodo ligula eget dolor. Aenean massa. Cum sociis natoque penatibus et magnis dis parturient montes, nascetur ridiculus mus. Donec quam felis, ultricies nec, pellentesque eu, pretium quis, sem. Nulla consequat massa quis enim.<\/p>\n<\/div><div class='avia-testimonial-meta'><div class='avia-testimonial-arrow-wrap'><div class='avia-arrow'><\/div><\/div><div class='avia-testimonial-image'  itemprop=\"image\" ><img width=\"180\" height=\"180\" src=\"http:\/\/www.paimefurquim.com.br\/wp-content\/uploads\/2015\/02\/desat-boy-m4-180x180.jpg\" class=\"attachment-square size-square\" alt=\"Fausto Lehnen\" decoding=\"async\" loading=\"lazy\" srcset=\"http:\/\/www.paimefurquim.com.br\/wp-content\/uploads\/2015\/02\/desat-boy-m4-180x180.jpg 180w, http:\/\/www.paimefurquim.com.br\/wp-content\/uploads\/2015\/02\/desat-boy-m4-300x300.jpg 300w, http:\/\/www.paimefurquim.com.br\/wp-content\/uploads\/2015\/02\/desat-boy-m4-80x80.jpg 80w, http:\/\/www.paimefurquim.com.br\/wp-content\/uploads\/2015\/02\/desat-boy-m4-768x768.jpg 768w, http:\/\/www.paimefurquim.com.br\/wp-content\/uploads\/2015\/02\/desat-boy-m4-36x36.jpg 36w, http:\/\/www.paimefurquim.com.br\/wp-content\/uploads\/2015\/02\/desat-boy-m4-705x705.jpg 705w, http:\/\/www.paimefurquim.com.br\/wp-content\/uploads\/2015\/02\/desat-boy-m4-120x120.jpg 120w, http:\/\/www.paimefurquim.com.br\/wp-content\/uploads\/2015\/02\/desat-boy-m4-450x450.jpg 450w, http:\/\/www.paimefurquim.com.br\/wp-content\/uploads\/2015\/02\/desat-boy-m4.jpg 850w\" sizes=\"(max-width: 180px) 100vw, 180px\" \/><\/div><div class='avia-testimonial-meta-mini'><strong  class='avia-testimonial-name'   style='color:#ec3136; '  itemprop=\"name\" >Fausto Lehnen<\/strong><span  class='avia-testimonial-subtitle av_opacity_variation'  style='color:#ec3136; '   itemprop=\"jobTitle\" >CEO<\/span><span class='hidden avia-testimonial-markup-link'   itemprop=\"url\" >https:\/\/www.wbs2.com.br<\/span> &ndash; <a class='aviablank avia-testimonial-link' href='https:\/\/www.wbs2.com.br' >WBS2<\/a><\/div><\/div><\/div><\/div>\n<div class='avia-testimonial av_one_half flex_column no_margin avia-testimonial-row-1 '  itemscope=\"itemscope\" itemtype=\"https:\/\/schema.org\/Person\" ><div class='avia-testimonial_inner'><div class='avia-testimonial-content av_inherit_color'   style='color:#6f6f72; '  itemscope=\"itemscope\" itemtype=\"https:\/\/schema.org\/CreativeWork\" ><p>Donec quam felis, ultricies nec, pellentesque eu, pretium quis, sem. Nulla consequat massa quis enim. Lorem ipsum dolor sit amet, consectetuer adipiscing elit. Aenean commodo ligula eget dolor. Aenean massa. Cum sociis natoque penatibus et magnis dis parturient montes, nascetur ridiculus mus.<\/p>\n<\/div><div class='avia-testimonial-meta'><div class='avia-testimonial-arrow-wrap'><div class='avia-arrow'><\/div><\/div><div class='avia-testimonial-image'  itemprop=\"image\" ><img width=\"180\" height=\"180\" src=\"http:\/\/www.paimefurquim.com.br\/wp-content\/uploads\/2015\/02\/desat-girl-m15-180x180.jpg\" class=\"attachment-square size-square\" alt=\"Susan Charice\" decoding=\"async\" loading=\"lazy\" srcset=\"http:\/\/www.paimefurquim.com.br\/wp-content\/uploads\/2015\/02\/desat-girl-m15-180x180.jpg 180w, http:\/\/www.paimefurquim.com.br\/wp-content\/uploads\/2015\/02\/desat-girl-m15-300x300.jpg 300w, http:\/\/www.paimefurquim.com.br\/wp-content\/uploads\/2015\/02\/desat-girl-m15-80x80.jpg 80w, http:\/\/www.paimefurquim.com.br\/wp-content\/uploads\/2015\/02\/desat-girl-m15-768x768.jpg 768w, http:\/\/www.paimefurquim.com.br\/wp-content\/uploads\/2015\/02\/desat-girl-m15-36x36.jpg 36w, http:\/\/www.paimefurquim.com.br\/wp-content\/uploads\/2015\/02\/desat-girl-m15-705x705.jpg 705w, http:\/\/www.paimefurquim.com.br\/wp-content\/uploads\/2015\/02\/desat-girl-m15-120x120.jpg 120w, http:\/\/www.paimefurquim.com.br\/wp-content\/uploads\/2015\/02\/desat-girl-m15-450x450.jpg 450w, http:\/\/www.paimefurquim.com.br\/wp-content\/uploads\/2015\/02\/desat-girl-m15.jpg 850w\" sizes=\"(max-width: 180px) 100vw, 180px\" \/><\/div><div class='avia-testimonial-meta-mini'><strong  class='avia-testimonial-name'   style='color:#ec3136; '  itemprop=\"name\" >Susan Charice<\/strong><span  class='avia-testimonial-subtitle av_opacity_variation'  style='color:#ec3136; '   itemprop=\"jobTitle\" >CTO<\/span><span class='hidden avia-testimonial-markup-link'   itemprop=\"url\" >#<\/span> &ndash; <a class='aviablank avia-testimonial-link' href='#' >Mambajuice<\/a><\/div><\/div><\/div><\/div>\n<\/section><div class='avia-slideshow-arrows avia-slideshow-controls'  style='color:#6f6f72; '><a href='#prev' class='prev-slide' aria-hidden='true' data-av_icon='\ue87c' data-av_iconfont='entypo-fontello'>Previous<\/a><a href='#next' class='next-slide' aria-hidden='true' data-av_icon='\ue87d' data-av_iconfont='entypo-fontello'>Next<\/a><\/div><\/div>\n<\/div><\/div><\/div><!-- close content main div --><\/div><div class='av-extra-border-element border-extra-arrow-down'><div class='av-extra-border-outer'><div class='av-extra-border-inner'  style='background-color:#ffffff;' ><\/div><\/div><\/div><\/div><div id='after_section_3' class='main_color av_default_container_wrap container_wrap sidebar_right'   ><div class='container' ><div class='template-page content  av-content-small alpha units'><div class='post-entry post-entry-type-page post-entry-431'><div class='entry-content-wrapper clearfix'>\n<\/div><\/div><\/div><!-- close content main div --><\/div><div class='av-extra-border-element border-extra-arrow-down'><div class='av-extra-border-outer'><div class='av-extra-border-inner'  style='background-color:#ffffff;' ><\/div><\/div><\/div><\/div><div id='av_section_4' class='avia-section main_color avia-section-large avia-no-border-styling avia-full-stretch av-parallax-section av-section-color-overlay-active avia-bg-style-parallax   av-minimum-height av-minimum-height-75 container_wrap sidebar_right' style = 'background-color: #f8f8f8; ' data-section-bg-repeat='stretch' ><div class='av-parallax' data-avia-parallax-ratio='0.3' ><div class='av-parallax-inner main_color  avia-full-stretch' style = 'background-color: #f8f8f8; background-repeat: no-repeat; background-image: url(http:\/\/www.paimefurquim.com.br\/wp-content\/uploads\/2022\/11\/WhatsApp-Image-2022-11-01-at-13.35.59.jpeg); background-attachment: scroll; background-position: center right; ' ><\/div><\/div><div class='av-section-color-overlay-wrap'><div class='av-section-color-overlay' style='opacity: 0.7; background-color: #ffffff; '><\/div><div class='container' ><div class='template-page content  av-content-small alpha units'><div class='post-entry post-entry-type-page post-entry-431'><div class='entry-content-wrapper clearfix'>\n<div class=\"flex_column av_three_fifth  flex_column_div first  \" ><\/div><div class=\"flex_column av_two_fifth  flex_column_div   \" ><p><div style='padding-bottom:10px;' class='av-special-heading av-special-heading-h1  blockquote modern-quote   '><h1 class='av-special-heading-tag '  itemprop=\"headline\"  >Quem somos n\u00f3s?<\/h1><div class='special-heading-border'><div class='special-heading-inner-border' ><\/div><\/div><\/div><br \/>\n<div style=' margin-top:10px; margin-bottom:10px;'  class='hr hr-custom hr-left hr-icon-no  '><span class='hr-inner   inner-border-av-border-fat' style=' width:50px; border-color:#000000;' ><span class='hr-inner-style'><\/span><\/span><\/div><br \/>\n<section class=\"av_textblock_section \"  itemscope=\"itemscope\" itemtype=\"https:\/\/schema.org\/CreativeWork\" ><div class='avia_textblock  av_inherit_color '  style='color:#0a0a0a; '  itemprop=\"text\" ><h3><strong>S\u00e3o mais de 30 anos de atividade profissional cont\u00e1bil na cidade de Gravata\u00ed\/RS, sempre agindo com \u00e9tica, e compet\u00eancia, comprometidos em trazer as melhores solu\u00e7\u00f5es cont\u00e1beis para o neg\u00f3cio do nosso cliente.<\/strong><\/h3>\n<\/div><\/section><\/p><\/div>\n<\/div><\/div><\/div><!-- close content main div --><\/div><\/div><\/div><div id='after_section_4' class='main_color av_default_container_wrap container_wrap sidebar_right'   ><div class='container' ><div class='template-page content  av-content-small alpha units'><div class='post-entry post-entry-type-page post-entry-431'><div class='entry-content-wrapper clearfix'>\n<\/div><\/div><\/div><!-- close content main div --><\/div><\/div><div id='av_section_5' class='avia-section main_color avia-section-small avia-no-border-styling av-section-color-overlay-active avia-bg-style-scroll   av-minimum-height av-minimum-height-50 container_wrap sidebar_right' style = 'background-color: #eaeaea; '  ><div class='av-section-color-overlay-wrap'><div class='av-section-color-overlay' style='opacity: 0.5; background-color: #ffffff; '><\/div><div class='container' ><div class='template-page content  av-content-small alpha units'><div class='post-entry post-entry-type-page post-entry-431'><div class='entry-content-wrapper clearfix'>\n<div class=\"flex_column av_one_fifth  flex_column_div first  \" ><\/div><div class=\"flex_column av_three_fifth  flex_column_div   \" ><div style='padding-bottom:10px;color:#000000;font-size:40px;' class='av-special-heading av-special-heading-h1 custom-color-heading blockquote modern-quote modern-centered   av-thin-font av-inherit-size '><h1 class='av-special-heading-tag '  itemprop=\"headline\"  >Receba <strong>novidades<\/strong> atrav\u00e9s da nossa newsletter<\/h1><div class='special-heading-border'><div class='special-heading-inner-border' style='border-color:#000000'><\/div><\/div><\/div><\/div><div class=\"flex_column av_one_fifth  flex_column_div   \" ><\/div><div class=\"flex_column av_one_third  flex_column_div first  \" ><\/div><div class=\"flex_column av_one_third  flex_column_div   \" ><form action=\"http:\/\/www.paimefurquim.com.br\/\" method=\"post\"  class=\"avia_ajax_form av-form-labels-hidden    \" data-avia-form-id=\"1\" data-avia-redirect='http:\/\/www.paimefurquim.com.br\/index.php\/sobre\/'><fieldset><p class=' first_form  form_element form_element_three_fourth av-last-visible-form-element' id='element_avia_1_1'> <input name=\"avia_1_1\" class=\"text_input is_email\" type=\"text\" id=\"avia_1_1\" value=\"\"  placeholder='E-Mail*'\/><\/p><p class=\"hidden\"><input type=\"text\" name=\"avia_2_1\" class=\"hidden \" id=\"avia_2_1\" value=\"\" \/><\/p><p class=\"form_element form_element_fourth modified_width\"><input type=\"hidden\" value=\"1\" name=\"avia_generated_form1\" \/><input type=\"submit\" value=\"Fa\u00e7a parte\" class=\"button\"  data-sending-label=\"Sending\"\/><\/p><\/fieldset><\/form><div id=\"ajaxresponse_1\" class=\"ajaxresponse ajaxresponse_1 hidden\"><\/div><\/div><div class=\"flex_column av_one_third  flex_column_div   \" ><\/div>\n<\/div><\/div><\/div><!-- close content main div --><\/div><\/div><\/div><div id='after_section_5' class='main_color av_default_container_wrap container_wrap sidebar_right'   ><div class='container' ><div class='template-page content  av-content-small alpha units'><div class='post-entry post-entry-type-page post-entry-431'><div class='entry-content-wrapper clearfix'>\n","protected":false},"excerpt":{"rendered":"","protected":false},"author":1,"featured_media":0,"parent":0,"menu_order":0,"comment_status":"open","ping_status":"open","template":"","meta":[],"_links":{"self":[{"href":"http:\/\/www.paimefurquim.com.br\/index.php\/wp-json\/wp\/v2\/pages\/431"}],"collection":[{"href":"http:\/\/www.paimefurquim.com.br\/index.php\/wp-json\/wp\/v2\/pages"}],"about":[{"href":"http:\/\/www.paimefurquim.com.br\/index.php\/wp-json\/wp\/v2\/types\/page"}],"author":[{"embeddable":true,"href":"http:\/\/www.paimefurquim.com.br\/index.php\/wp-json\/wp\/v2\/users\/1"}],"replies":[{"embeddable":true,"href":"http:\/\/www.paimefurquim.com.br\/index.php\/wp-json\/wp\/v2\/comments?post=431"}],"version-history":[{"count":35,"href":"http:\/\/www.paimefurquim.com.br\/index.php\/wp-json\/wp\/v2\/pages\/431\/revisions"}],"predecessor-version":[{"id":649,"href":"http:\/\/www.paimefurquim.com.br\/index.php\/wp-json\/wp\/v2\/pages\/431\/revisions\/649"}],"wp:attachment":[{"href":"http:\/\/www.paimefurquim.com.br\/index.php\/wp-json\/wp\/v2\/media?parent=431"}],"curies":[{"name":"wp","href":"https:\/\/api.w.org\/{rel}","templated":true}]}}